{"id":334,"date":"2018-11-18T09:56:26","date_gmt":"2018-11-18T09:56:26","guid":{"rendered":"http:\/\/pluginspoint.com\/dustrial\/?page_id=334"},"modified":"2025-10-17T06:51:28","modified_gmt":"2025-10-17T06:51:28","slug":"about-us","status":"publish","type":"page","link":"https:\/\/irontowerfactory.com\/es\/about-us\/","title":{"rendered":"Acerca de nosotros"},"content":{"rendered":"<div class=\"wpb-content-wrapper\"><div class=\"vc_row wpb_row vc_row-fluid vc_custom_1545996764528\"><div class=\"wpb_column vc_column_container vc_col-sm-6\"><div class=\"vc_column-inner vc_custom_1545815615488\"><div class=\"wpb_wrapper\"><div class=\"vc_tta-container\" data-vc-action=\"collapse\"><div class=\"vc_general vc_tta vc_tta-accordion vc_tta-color-grey vc_tta-style-classic vc_tta-shape-rounded vc_tta-o-shape-group vc_tta-controls-align-default\"><div class=\"vc_tta-panels-container\"><div class=\"vc_tta-panels\"><div class=\"vc_tta-panel vc_active\" id=\"1757735758486-e91656af-48b5\" data-vc-content=\".vc_tta-panel-body\"><div class=\"vc_tta-panel-heading\"><h4 class=\"vc_tta-panel-title vc_tta-controls-icon-position-left\"><a href=\"#1757735758486-e91656af-48b5\" data-vc-accordion data-vc-container=\".vc_tta-container\"><span class=\"vc_tta-title-text\">Compa\u00f1\u00eda Perfil<\/span><i class=\"vc_tta-controls-icon vc_tta-controls-icon-plus\"><\/i><\/a><\/h4><\/div><div class=\"vc_tta-panel-body\">\n\t<div class=\"wpb_text_column wpb_content_element\" >\n\t\t<div class=\"wpb_wrapper\">\n\t\t\t<p>Hengshui Xiangshuntian Steel Structure Co., Jap\u00f3n Ltd. fue fundada en 2000 y se encuentra en la ciudad de Guangchuan, condado de Jing, provincia de Hebei. Es una empresa profesional que produce e instala productos de estructura de acero, como torres de hierro.<br \/>\nDurante m\u00e1s de 20 a\u00f1os, con el apoyo y el amor de nuestros usuarios, as\u00ed como los esfuerzos conjuntos de todos los empleados, ahora nos hemos convertido en un \u00e1rea de terreno de 60000 metros cuadrados y un \u00e1rea de construcci\u00f3n de 40000 metros cuadrados.<br \/>\nLa empresa cuenta actualmente con 560 empleados y m\u00e1s de 60 t\u00e9cnicos, con una capacidad de producci\u00f3n anual de 50.000 toneladas de torres de hierro.<\/p>\n\n\t\t<\/div>\n\t<\/div>\n<\/div><\/div><div class=\"vc_tta-panel\" id=\"1757735686107-26cbfa0e-2332\" data-vc-content=\".vc_tta-panel-body\"><div class=\"vc_tta-panel-heading\"><h4 class=\"vc_tta-panel-title vc_tta-controls-icon-position-left\"><a href=\"#1757735686107-26cbfa0e-2332\" data-vc-accordion data-vc-container=\".vc_tta-container\"><span class=\"vc_tta-title-text\">Nuestros Productos<\/span><i class=\"vc_tta-controls-icon vc_tta-controls-icon-plus\"><\/i><\/a><\/h4><\/div><div class=\"vc_tta-panel-body\">\n\t<div class=\"wpb_text_column wpb_content_element\" >\n\t\t<div class=\"wpb_wrapper\">\n\t\t\t<p>Los productos l\u00edderes de la compa\u00f1\u00eda incluyen: torres triangulares, torres cuadradas, torres de un solo polo, torres disfrazadas, torres de medici\u00f3n de viento (equipos de medici\u00f3n del viento), torres de transmisi\u00f3n y transformaci\u00f3n, torres de tubo \u00fanico, torres de radiodifusi\u00f3n y televisi\u00f3n, torres de cable, torres de comunicaci\u00f3n por microondas, torres de comunicaci\u00f3n m\u00f3vil, torres de vigilancia contra incendios forestales, torres de protecci\u00f3n contra rayos, mantenimiento de comunicaciones, soportes y otros productos de estructura de acero.<\/p>\n\n\t\t<\/div>\n\t<\/div>\n<\/div><\/div><div class=\"vc_tta-panel\" id=\"1757735537834-878aa29c-abff\" data-vc-content=\".vc_tta-panel-body\"><div class=\"vc_tta-panel-heading\"><h4 class=\"vc_tta-panel-title vc_tta-controls-icon-position-left\"><a href=\"#1757735537834-878aa29c-abff\" data-vc-accordion data-vc-container=\".vc_tta-container\"><span class=\"vc_tta-title-text\">L\u00e0 o\u00f9 nos produits vont<\/span><i class=\"vc_tta-controls-icon vc_tta-controls-icon-plus\"><\/i><\/a><\/h4><\/div><div class=\"vc_tta-panel-body\">\n\t<div class=\"wpb_text_column wpb_content_element\" >\n\t\t<div class=\"wpb_wrapper\">\n\t\t\t<p>Los productos se venden principalmente a Shaanxi, Hebei, Yunnan, Henan, Shandong, Shanxi, Hunan, Jiangxi, Gansu, Mongolia Interior, Xinjiang, noreste de China y otros lugares. Son ampliamente utilizados en Datang, Guodian, Huaneng, Huadian, China Tower Company, China Telecom, China Mobile, China Unicom, China Railway, energ\u00eda e\u00f3lica, conservaci\u00f3n del agua, protecci\u00f3n contra incendios, silvicultura, industria energ\u00e9tica, radiodifusi\u00f3n y televisi\u00f3n, petr\u00f3leo, defensa nacional y otros departamentos, y exportados a Jap\u00f3n, Malta, Filipinas, \u00c1frica y otros pa\u00edses.<br \/>\nLa compa\u00f1\u00eda ha avanzado el equipo y la fuerza t\u00e9cnica fuerte.<\/p>\n\n\t\t<\/div>\n\t<\/div>\n<\/div><\/div><div class=\"vc_tta-panel\" id=\"1545815887826-875bdcbf-c4ed\" data-vc-content=\".vc_tta-panel-body\"><div class=\"vc_tta-panel-heading\"><h4 class=\"vc_tta-panel-title vc_tta-controls-icon-position-left\"><a href=\"#1545815887826-875bdcbf-c4ed\" data-vc-accordion data-vc-container=\".vc_tta-container\"><span class=\"vc_tta-title-text\">Nuestra visi\u00f3n Nuestra empresa<\/span><i class=\"vc_tta-controls-icon vc_tta-controls-icon-plus\"><\/i><\/a><\/h4><\/div><div class=\"vc_tta-panel-body\">\n\t<div class=\"wpb_text_column wpb_content_element\" >\n\t\t<div class=\"wpb_wrapper\">\n\t\t\t<p>Esperamos sinceramente cooperar y desarrollarnos junto con amigos de todos los \u00e1mbitos de la vida en el pa\u00eds y en el extranjero.<\/p>\n\n\t\t<\/div>\n\t<\/div>\n<\/div><\/div><\/div><\/div><\/div><\/div><\/div><\/div><\/div><div class=\"about-faq wpb_animate_when_almost_visible wpb_fadeInUp fadeInUp wpb_column vc_column_container vc_col-sm-6\"><div class=\"vc_column-inner vc_custom_1545996747838\"><div class=\"wpb_wrapper\"><div class=\"vc_row wpb_row vc_inner vc_row-fluid\"><div class=\"wpb_column vc_column_container vc_col-sm-6\"><div class=\"vc_column-inner\"><div class=\"wpb_wrapper\">\n\t<div  class=\"wpb_single_image wpb_content_element vc_align_center wpb_content_element wpb_animate_when_almost_visible wpb_fadeIn fadeIn vc_custom_1757751033298\">\n\t\t\n\t\t<figure class=\"wpb_wrapper vc_figure\">\n\t\t\t<div class=\"vc_single_image-wrapper   vc_box_border_grey\"><img loading=\"lazy\" decoding=\"async\" width=\"916\" height=\"686\" src=\"https:\/\/irontowerfactory.com\/wp-content\/uploads\/2025\/09\/\u56fe\u724740.png\" class=\"vc_single_image-img attachment-full\" alt=\"\" title=\"\u56fe\u724740\" srcset=\"https:\/\/irontowerfactory.com\/wp-content\/uploads\/2025\/09\/\u56fe\u724740.png 916w, https:\/\/irontowerfactory.com\/wp-content\/uploads\/2025\/09\/\u56fe\u724740-600x449.png 600w, https:\/\/irontowerfactory.com\/wp-content\/uploads\/2025\/09\/\u56fe\u724740-300x225.png 300w, https:\/\/irontowerfactory.com\/wp-content\/uploads\/2025\/09\/\u56fe\u724740-768x575.png 768w\" sizes=\"auto, (max-width: 916px) 100vw, 916px\" \/><\/div>\n\t\t<\/figure>\n\t<\/div>\n<\/div><\/div><\/div><\/div>\n\t<div class=\"wpb_text_column wpb_content_element wpb_animate_when_almost_visible wpb_fadeInUp fadeInUp vc_custom_1757751510547\" >\n\t\t<div class=\"wpb_wrapper\">\n\t\t\t<p>Nuestra empresa tiene \"calidad primero, cliente primero\" como el principio fundamental de la empresa. Proporcionar a los usuarios equipos de alta tecnolog\u00eda y servicios de alta calidad es nuestro compromiso eterno con los clientes.<\/p>\n\n\t\t<\/div>\n\t<\/div>\n<\/div><\/div><\/div><\/div><div class=\"vc_row wpb_row vc_row-fluid vc_custom_1545046285657\"><div class=\"wpb_column vc_column_container vc_col-sm-12\"><div class=\"vc_column-inner\"><div class=\"wpb_wrapper\">\n    <div class=\"dustrial-stitle-69d8beae6fa22 section-title  wow fadeIn\">\n              <div class=\"section-thumb\"><img decoding=\"async\" src=\"https:\/\/irontowerfactory.com\/wp-content\/uploads\/2019\/01\/title-icon-1-2.png\" alt=\"title icon\"><\/div>\n            <div class=\"section-body\">\n        <h6 class=\"sub-title activeColor\">Por qu\u00e9<\/h6>\n        <h3 class=\"m-0 main-title\">Elige nosotros<\/h3>\n      <\/div>\n    <\/div>\n\n  <\/div><\/div><\/div><\/div><div class=\"vc_row wpb_row vc_row-fluid vc_custom_1545817645391\"><div class=\"wpb_column vc_column_container vc_col-sm-6\"><div class=\"vc_column-inner vc_custom_1545817426227\"><div class=\"wpb_wrapper\"><div class=\"vc_progress_bar wpb_content_element  vc_progress-bar-color-bar_grey\" ><div class=\"vc_general vc_single_bar\"><small class=\"vc_label\">Producci\u00f3n <span class=\"vc_label_units\">75%<\/span><\/small><span class=\"vc_bar\" data-percentage-value=\"75\" data-value=\"75\"><\/span><\/div><div class=\"vc_general vc_single_bar\"><small class=\"vc_label\">EPC Obras <span class=\"vc_label_units\">95%<\/span><\/small><span class=\"vc_bar\" data-percentage-value=\"95\" data-value=\"95\"><\/span><\/div><div class=\"vc_general vc_single_bar\"><small class=\"vc_label\">La Satisfacci\u00f3n Del Cliente <span class=\"vc_label_units\">85%<\/span><\/small><span class=\"vc_bar\" data-percentage-value=\"85\" data-value=\"85\"><\/span><\/div><div class=\"vc_general vc_single_bar\"><small class=\"vc_label\">Utilizaion Tasa De <span class=\"vc_label_units\">97%<\/span><\/small><span class=\"vc_bar\" data-percentage-value=\"97\" data-value=\"97\"><\/span><\/div><div class=\"vc_general vc_single_bar\"><small class=\"vc_label\">Proyecto Realizado <span class=\"vc_label_units\">97%<\/span><\/small><span class=\"vc_bar\" data-percentage-value=\"97\" data-value=\"97\"><\/span><\/div><\/div><\/div><\/div><\/div><div class=\"wpb_column vc_column_container vc_col-sm-6\"><div class=\"vc_column-inner vc_custom_1545817438068\"><div class=\"wpb_wrapper\">\n    <div class=\"dustrial-picons-69d8beae700ab  media wow fadeInUp\">\n            <div class=\"company-icon\">\n        <i class=\"dustrial-icon flaticon-analytics\"><\/i>\n      <\/div>\n            <div class=\"media-body\">\n        <div>\n          <h6 class=\"mb-1 sub-title\">La compa\u00f1\u00eda tiene una fuerte fuerza integral<\/h6>\n          <p class=\"m-0\">Hengshui Xiangshuntian Steel Structure Co., Jap\u00f3n Ltd., por Con m\u00e1s de una d\u00e9cada de experiencia, se especializa en el dise\u00f1o, producci\u00f3n e instalaci\u00f3n de torres. Equipado con instalaciones avanzadas y un s\u00f3lido equipo t\u00e9cnico, atiende a clientes en todo el pa\u00eds.<\/p>\n        <\/div>\n      <\/div>\n          <\/div>\n    \n  \n  \n    <div class=\"dustrial-picons-69d8beae700d6  media wow fadeInUp\">\n            <div class=\"company-icon\">\n        <i class=\"dustrial-icon flaticon-ship\"><\/i>\n      <\/div>\n            <div class=\"media-body\">\n        <div>\n          <h6 class=\"mb-1 sub-title\">Amplia gama de productos de negocio<\/h6>\n          <p class=\"m-0\">La compa\u00f1\u00eda se especializa en el dise\u00f1o, fabricaci\u00f3n e instalaci\u00f3n de varias torres, incluyendo torres de comunicaci\u00f3n, energ\u00eda y monitoreo. Con el apoyo de equipos profesionales, proporciona soluciones integrales y servicios post-venta oportunos.<\/p>\n        <\/div>\n      <\/div>\n          <\/div>\n    \n  \n  \n    <div class=\"dustrial-picons-69d8beae700ed  media wow fadeInUp\">\n            <div class=\"company-icon\">\n        <i class=\"dustrial-icon flaticon-maps-and-location\"><\/i>\n      <\/div>\n            <div class=\"media-body\">\n        <div>\n          <h6 class=\"mb-1 sub-title\">El prop\u00f3sito corporativo<\/h6>\n          <p class=\"m-0\">La empresa se adhiere al principio fundamental de \"calidad primero, cliente primero\" y se compromete a proporcionar a los usuarios equipos de alta tecnolog\u00eda y servicios de alta calidad. Esperamos sinceramente cooperar con amigos de todos los \u00e1mbitos de la vida en el pa\u00eds y en el extranjero para el desarrollo com\u00fan.<\/p>\n        <\/div>\n      <\/div>\n          <\/div>\n    \n  \n  <\/div><\/div><\/div><\/div><div data-vc-full-width=\"true\" data-vc-full-width-init=\"false\" class=\"vc_row wpb_row vc_row-fluid call-to-action bg-black-overlay vc_custom_1590734130038 vc_row-has-fill\"><div class=\"wpb_column vc_column_container vc_col-sm-12\"><div class=\"vc_column-inner vc_custom_1680763943802\"><div class=\"wpb_wrapper\"> \n    <div class=\"call-to-action-sections default-style text-center\">\n      <div class=\"call_to_action_title wow fadeInUp\">\n        <h2>M\u00e1s de 25 a\u00f1os de experiencia para obtener mejores resultados.<\/h2>\n        <p>Operamos de producci\u00f3n avanzada y equipos de prueba, con la instalaci\u00f3n especializada y equipos de mantenimiento de oferta a nivel nacional de la despu\u00e9s-venta.Reconocido como un \"Contrato de Cr\u00e9dito y Digno de la Empresa\" y municipal \"Estrella de la Empresa,\" estamos certificados bajo la norma ISO9001, ISO14000, y salud ocupacional, sistemas de gesti\u00f3n.<\/p>\n      <\/div>\n      <div class=\"call_to_action_btns wow fadeInUp\">\n        <a href=\"#\" class=\"btn call_to_action_btn\">Contacta con nosotros hoy<\/a>\n      <\/div>\n    <\/div>\n  \n<\/div><\/div><\/div><\/div><div class=\"vc_row-full-width vc_clearfix\"><\/div><div data-vc-full-width=\"true\" data-vc-full-width-init=\"false\" class=\"vc_row wpb_row vc_row-fluid vc_custom_1546418441743 vc_row-has-fill\"><div class=\"wpb_column vc_column_container vc_col-sm-12\"><div class=\"vc_column-inner vc_custom_1680763935051\"><div class=\"wpb_wrapper\">\n    <div class=\"dustrial-stitle-69d8beae704d5 section-title  wow fadeIn\">\n              <div class=\"section-thumb\"><img decoding=\"async\" src=\"https:\/\/irontowerfactory.com\/wp-content\/uploads\/2019\/01\/title-icon-1-2.png\" alt=\"title icon\"><\/div>\n            <div class=\"section-body\">\n        <h6 class=\"sub-title activeColor\">conocimiento<\/h6>\n        <h3 class=\"m-0 main-title\">Nuestro Experto<\/h3>\n      <\/div>\n    <\/div>\n\n  <div class=\"row\">\n      <div class=\"team-item col-12 col-md-6 col-lg-3\">\n      <div class=\"team-item69d8beae70551 team-single-item\">\n        <div class=\"team-item-thumbnail-area\">\n          <img decoding=\"async\" src=\"https:\/\/irontowerfactory.com\/wp-content\/uploads\/2018\/12\/team-member-03.png\" alt=\"Team Image\">\n          <div class=\"team-single-social\">\n                        <a href=\"#\"> <i class=\"fa fa-facebook\"><\/i><\/a>\n                        <a href=\"#\"> <i class=\"fa fa-twitter\"><\/i><\/a>\n                        <a href=\"\"> <i class=\"fa fa-linkedin\"><\/i><\/a>\n                                  <\/div>\n        <\/div>\n        <div class=\"team-item-content\">\n          <h5 class=\"team-title\">por Robert Pattinson<\/h5>\n          <p class=\"team-designation\">Oficial de Ingenier\u00eda<\/p>\n        <\/div>\n      <\/div>\n    <\/div>\n      <div class=\"team-item col-12 col-md-6 col-lg-3\">\n      <div class=\"team-item69d8beae70551 team-single-item\">\n        <div class=\"team-item-thumbnail-area\">\n          <img decoding=\"async\" src=\"https:\/\/irontowerfactory.com\/wp-content\/uploads\/2018\/12\/team-member-01.png\" alt=\"Team Image\">\n          <div class=\"team-single-social\">\n                        <a href=\"#\"> <i class=\"fa fa-facebook\"><\/i><\/a>\n                        <a href=\"#\"> <i class=\"fa fa-twitter\"><\/i><\/a>\n                        <a href=\"#\"> <i class=\"fa fa-linkedin\"><\/i><\/a>\n                                  <\/div>\n        <\/div>\n        <div class=\"team-item-content\">\n          <h5 class=\"team-title\">por Moira Kelly<\/h5>\n          <p class=\"team-designation\">Oficial de Tecnolog\u00eda<\/p>\n        <\/div>\n      <\/div>\n    <\/div>\n      <div class=\"team-item col-12 col-md-6 col-lg-3\">\n      <div class=\"team-item69d8beae70551 team-single-item\">\n        <div class=\"team-item-thumbnail-area\">\n          <img decoding=\"async\" src=\"https:\/\/irontowerfactory.com\/wp-content\/uploads\/2018\/12\/Team-11.png\" alt=\"Team Image\">\n          <div class=\"team-single-social\">\n                        <a href=\"#\"> <i class=\"fa fa-facebook\"><\/i><\/a>\n                        <a href=\"#\"> <i class=\"fa fa-twitter\"><\/i><\/a>\n                        <a href=\"#\"> <i class=\"fa fa-linkedin\"><\/i><\/a>\n                                  <\/div>\n        <\/div>\n        <div class=\"team-item-content\">\n          <h5 class=\"team-title\">por David Mazouz<\/h5>\n          <p class=\"team-designation\">Gerente de Marketing<\/p>\n        <\/div>\n      <\/div>\n    <\/div>\n      <div class=\"team-item col-12 col-md-6 col-lg-3\">\n      <div class=\"team-item69d8beae70551 team-single-item\">\n        <div class=\"team-item-thumbnail-area\">\n          <img decoding=\"async\" src=\"https:\/\/irontowerfactory.com\/wp-content\/uploads\/2018\/12\/Team-07.png\" alt=\"Team Image\">\n          <div class=\"team-single-social\">\n                        <a href=\"#\"> <i class=\"fa fa-facebook\"><\/i><\/a>\n                        <a href=\"#\"> <i class=\"fa fa-twitter\"><\/i><\/a>\n                        <a href=\"#\"> <i class=\"fa fa-linkedin\"><\/i><\/a>\n                                  <\/div>\n        <\/div>\n        <div class=\"team-item-content\">\n          <h5 class=\"team-title\">Cristian Pav\u00f3n<\/h5>\n          <p class=\"team-designation\">Oficial de Tecnolog\u00eda<\/p>\n        <\/div>\n      <\/div>\n    <\/div>\n  <\/div>\n<\/div><\/div><\/div><\/div><div class=\"vc_row-full-width vc_clearfix\"><\/div>\n<\/div>","protected":false},"excerpt":{"rendered":"","protected":false},"author":1,"featured_media":0,"parent":0,"menu_order":0,"comment_status":"closed","ping_status":"closed","template":"page-template\/blank-page-sidebar.php","meta":{"footnotes":""},"class_list":["post-334","page","type-page","status-publish","hentry"],"_hostinger_reach_plugin_has_subscription_block":false,"_hostinger_reach_plugin_is_elementor":false,"_links":{"self":[{"href":"https:\/\/irontowerfactory.com\/es\/wp-json\/wp\/v2\/pages\/334","targetHints":{"allow":["GET"]}}],"collection":[{"href":"https:\/\/irontowerfactory.com\/es\/wp-json\/wp\/v2\/pages"}],"about":[{"href":"https:\/\/irontowerfactory.com\/es\/wp-json\/wp\/v2\/types\/page"}],"author":[{"embeddable":true,"href":"https:\/\/irontowerfactory.com\/es\/wp-json\/wp\/v2\/users\/1"}],"replies":[{"embeddable":true,"href":"https:\/\/irontowerfactory.com\/es\/wp-json\/wp\/v2\/comments?post=334"}],"version-history":[{"count":11,"href":"https:\/\/irontowerfactory.com\/es\/wp-json\/wp\/v2\/pages\/334\/revisions"}],"predecessor-version":[{"id":2603,"href":"https:\/\/irontowerfactory.com\/es\/wp-json\/wp\/v2\/pages\/334\/revisions\/2603"}],"wp:attachment":[{"href":"https:\/\/irontowerfactory.com\/es\/wp-json\/wp\/v2\/media?parent=334"}],"curies":[{"name":"wp","href":"https:\/\/api.w.org\/{rel}","templated":true}]}}