{"id":334,"date":"2018-11-18T09:56:26","date_gmt":"2018-11-18T09:56:26","guid":{"rendered":"http:\/\/pluginspoint.com\/dustrial\/?page_id=334"},"modified":"2025-10-17T06:51:28","modified_gmt":"2025-10-17T06:51:28","slug":"about-us","status":"publish","type":"page","link":"https:\/\/irontowerfactory.com\/fr\/about-us\/","title":{"rendered":"\u00c0 propos de nous"},"content":{"rendered":"<div class=\"wpb-content-wrapper\"><div class=\"vc_row wpb_row vc_row-fluid vc_custom_1545996764528\"><div class=\"wpb_column vc_column_container vc_col-sm-6\"><div class=\"vc_column-inner vc_custom_1545815615488\"><div class=\"wpb_wrapper\"><div class=\"vc_tta-container\" data-vc-action=\"collapse\"><div class=\"vc_general vc_tta vc_tta-accordion vc_tta-color-grey vc_tta-style-classic vc_tta-shape-rounded vc_tta-o-shape-group vc_tta-controls-align-default\"><div class=\"vc_tta-panels-container\"><div class=\"vc_tta-panels\"><div class=\"vc_tta-panel vc_active\" id=\"1757735758486-e91656af-48b5\" data-vc-content=\".vc_tta-panel-body\"><div class=\"vc_tta-panel-heading\"><h4 class=\"vc_tta-panel-title vc_tta-controls-icon-position-left\"><a href=\"#1757735758486-e91656af-48b5\" data-vc-accordion data-vc-container=\".vc_tta-container\"><span class=\"vc_tta-title-text\">Soci\u00e9t\u00e9 Profil<\/span><i class=\"vc_tta-controls-icon vc_tta-controls-icon-plus\"><\/i><\/a><\/h4><\/div><div class=\"vc_tta-panel-body\">\n\t<div class=\"wpb_text_column wpb_content_element\" >\n\t\t<div class=\"wpb_wrapper\">\n\t\t\t<p>Hengshui Xiangshuntian Steel Structure Co., \u00e0 Ltd. a \u00e9t\u00e9 fond\u00e9e en 2000 et est situ\u00e9e dans la ville de Guangchuan, comt\u00e9 de Jing, province du Hebei. C'est une entreprise professionnelle qui produit et installe des produits de structure en acier tels que des tours de fer.<br \/>\nDepuis plus de 20 ans, avec le soutien et l'amour de nos utilisateurs, ainsi que les efforts conjoints de tous les employ\u00e9s, nous avons maintenant d\u00e9velopp\u00e9 une superficie de 60000 m\u00e8tres carr\u00e9s et une superficie de construction de 40000 m\u00e8tres carr\u00e9s.<br \/>\nLa soci\u00e9t\u00e9 compte actuellement 560 employ\u00e9s et plus de 60 techniciens, avec une capacit\u00e9 de production annuelle de 50 000 tonnes de tours de fer.<\/p>\n\n\t\t<\/div>\n\t<\/div>\n<\/div><\/div><div class=\"vc_tta-panel\" id=\"1757735686107-26cbfa0e-2332\" data-vc-content=\".vc_tta-panel-body\"><div class=\"vc_tta-panel-heading\"><h4 class=\"vc_tta-panel-title vc_tta-controls-icon-position-left\"><a href=\"#1757735686107-26cbfa0e-2332\" data-vc-accordion data-vc-container=\".vc_tta-container\"><span class=\"vc_tta-title-text\">Nos produits<\/span><i class=\"vc_tta-controls-icon vc_tta-controls-icon-plus\"><\/i><\/a><\/h4><\/div><div class=\"vc_tta-panel-body\">\n\t<div class=\"wpb_text_column wpb_content_element\" >\n\t\t<div class=\"wpb_wrapper\">\n\t\t\t<p>Les principaux produits de la soci\u00e9t\u00e9 comprennent: tours triangulaires, tours carr\u00e9es, tours \u00e0 p\u00f4le unique, tours d\u00e9guis\u00e9es, tours de mesure du vent (\u00e9quipements de mesure du vent), tours de transmission et de transformation, tours \u00e0 tube unique, tours de radiodiffusion et de t\u00e9l\u00e9vision, tours de c\u00e2ble, tours de communication \u00e0 micro-ondes, tours de communication mobile, tours de guet de protection contre les incendies de for\u00eat, tours de protection contre la foudre, entretien des communications, poteaux de maintien et autres produits de structure en acier.<\/p>\n\n\t\t<\/div>\n\t<\/div>\n<\/div><\/div><div class=\"vc_tta-panel\" id=\"1757735537834-878aa29c-abff\" data-vc-content=\".vc_tta-panel-body\"><div class=\"vc_tta-panel-heading\"><h4 class=\"vc_tta-panel-title vc_tta-controls-icon-position-left\"><a href=\"#1757735537834-878aa29c-abff\" data-vc-accordion data-vc-container=\".vc_tta-container\"><span class=\"vc_tta-title-text\">O\u00f9 Nos Produits<\/span><i class=\"vc_tta-controls-icon vc_tta-controls-icon-plus\"><\/i><\/a><\/h4><\/div><div class=\"vc_tta-panel-body\">\n\t<div class=\"wpb_text_column wpb_content_element\" >\n\t\t<div class=\"wpb_wrapper\">\n\t\t\t<p>Les produits sont principalement vendus au Shaanxi, Hebei, Yunnan, Henan, Shandong, Shanxi, Hunan, Jiangxi, Gansu, Mongolie int\u00e9rieure, Xinjiang, Nord-Est de la Chine et d'autres endroits. Ils sont largement utilis\u00e9s dans Datang, Guodian, Huaneng, Huadian, China Tower Company, China Telecom, China Mobile, China Unicom, China Railway, \u00e9nergie \u00e9olienne, conservation de l'eau, protection contre les incendies, foresterie, industrie \u00e9nerg\u00e9tique, radiodiffusion et t\u00e9l\u00e9vision, p\u00e9trole, d\u00e9fense nationale et autres d\u00e9partements, et export\u00e9s vers le Japon, Malte, les Philippines, l'Afrique et d'autres pays.<br \/>\nLa soci\u00e9t\u00e9 dispose d'\u00e9quipements de pointe et d'une forte force technique.<\/p>\n\n\t\t<\/div>\n\t<\/div>\n<\/div><\/div><div class=\"vc_tta-panel\" id=\"1545815887826-875bdcbf-c4ed\" data-vc-content=\".vc_tta-panel-body\"><div class=\"vc_tta-panel-heading\"><h4 class=\"vc_tta-panel-title vc_tta-controls-icon-position-left\"><a href=\"#1545815887826-875bdcbf-c4ed\" data-vc-accordion data-vc-container=\".vc_tta-container\"><span class=\"vc_tta-title-text\">Notre Vision De Notre Soci\u00e9t\u00e9<\/span><i class=\"vc_tta-controls-icon vc_tta-controls-icon-plus\"><\/i><\/a><\/h4><\/div><div class=\"vc_tta-panel-body\">\n\t<div class=\"wpb_text_column wpb_content_element\" >\n\t\t<div class=\"wpb_wrapper\">\n\t\t\t<p>Nous esp\u00e9rons sinc\u00e8rement coop\u00e9rer et d\u00e9velopper ensemble avec des amis de tous les horizons de la vie \u00e0 la maison et \u00e0 l'\u00e9tranger.<\/p>\n\n\t\t<\/div>\n\t<\/div>\n<\/div><\/div><\/div><\/div><\/div><\/div><\/div><\/div><\/div><div class=\"about-faq wpb_animate_when_almost_visible wpb_fadeInUp fadeInUp wpb_column vc_column_container vc_col-sm-6\"><div class=\"vc_column-inner vc_custom_1545996747838\"><div class=\"wpb_wrapper\"><div class=\"vc_row wpb_row vc_inner vc_row-fluid\"><div class=\"wpb_column vc_column_container vc_col-sm-6\"><div class=\"vc_column-inner\"><div class=\"wpb_wrapper\">\n\t<div  class=\"wpb_single_image wpb_content_element vc_align_center wpb_content_element wpb_animate_when_almost_visible wpb_fadeIn fadeIn vc_custom_1757751033298\">\n\t\t\n\t\t<figure class=\"wpb_wrapper vc_figure\">\n\t\t\t<div class=\"vc_single_image-wrapper   vc_box_border_grey\"><img loading=\"lazy\" decoding=\"async\" width=\"916\" height=\"686\" src=\"https:\/\/irontowerfactory.com\/wp-content\/uploads\/2025\/09\/\u56fe\u724740.png\" class=\"vc_single_image-img attachment-full\" alt=\"\" title=\"\u56fe\u724740\" srcset=\"https:\/\/irontowerfactory.com\/wp-content\/uploads\/2025\/09\/\u56fe\u724740.png 916w, https:\/\/irontowerfactory.com\/wp-content\/uploads\/2025\/09\/\u56fe\u724740-600x449.png 600w, https:\/\/irontowerfactory.com\/wp-content\/uploads\/2025\/09\/\u56fe\u724740-300x225.png 300w, https:\/\/irontowerfactory.com\/wp-content\/uploads\/2025\/09\/\u56fe\u724740-768x575.png 768w\" sizes=\"auto, (max-width: 916px) 100vw, 916px\" \/><\/div>\n\t\t<\/figure>\n\t<\/div>\n<\/div><\/div><\/div><\/div>\n\t<div class=\"wpb_text_column wpb_content_element wpb_animate_when_almost_visible wpb_fadeInUp fadeInUp vc_custom_1757751510547\" >\n\t\t<div class=\"wpb_wrapper\">\n\t\t\t<p>Notre soci\u00e9t\u00e9 prend \"la qualit\u00e9 d'abord, le client d'abord\" comme principe fondamental de l'entreprise. Fournir aux utilisateurs des \u00e9quipements de haute technologie et des services de haute qualit\u00e9 est notre engagement \u00e9ternel envers les clients.<\/p>\n\n\t\t<\/div>\n\t<\/div>\n<\/div><\/div><\/div><\/div><div class=\"vc_row wpb_row vc_row-fluid vc_custom_1545046285657\"><div class=\"wpb_column vc_column_container vc_col-sm-12\"><div class=\"vc_column-inner\"><div class=\"wpb_wrapper\">\n    <div class=\"dustrial-stitle-69d8d3fdaebf7 section-title  wow fadeIn\">\n              <div class=\"section-thumb\"><img decoding=\"async\" src=\"https:\/\/irontowerfactory.com\/wp-content\/uploads\/2019\/01\/title-icon-1-2.png\" alt=\"title icon\"><\/div>\n            <div class=\"section-body\">\n        <h6 class=\"sub-title activeColor\">pourquoi<\/h6>\n        <h3 class=\"m-0 main-title\">Choisissez nous<\/h3>\n      <\/div>\n    <\/div>\n\n  <\/div><\/div><\/div><\/div><div class=\"vc_row wpb_row vc_row-fluid vc_custom_1545817645391\"><div class=\"wpb_column vc_column_container vc_col-sm-6\"><div class=\"vc_column-inner vc_custom_1545817426227\"><div class=\"wpb_wrapper\"><div class=\"vc_progress_bar wpb_content_element  vc_progress-bar-color-bar_grey\" ><div class=\"vc_general vc_single_bar\"><small class=\"vc_label\">La Production <span class=\"vc_label_units\">75%<\/span><\/small><span class=\"vc_bar\" data-percentage-value=\"75\" data-value=\"75\"><\/span><\/div><div class=\"vc_general vc_single_bar\"><small class=\"vc_label\">EPC \u0152uvres <span class=\"vc_label_units\">95%<\/span><\/small><span class=\"vc_bar\" data-percentage-value=\"95\" data-value=\"95\"><\/span><\/div><div class=\"vc_general vc_single_bar\"><small class=\"vc_label\">Satisfaction De La Client\u00e8le <span class=\"vc_label_units\">85%<\/span><\/small><span class=\"vc_bar\" data-percentage-value=\"85\" data-value=\"85\"><\/span><\/div><div class=\"vc_general vc_single_bar\"><small class=\"vc_label\">Utilizaion Taux <span class=\"vc_label_units\">97%<\/span><\/small><span class=\"vc_bar\" data-percentage-value=\"97\" data-value=\"97\"><\/span><\/div><div class=\"vc_general vc_single_bar\"><small class=\"vc_label\">Le Projet R\u00e9alis\u00e9 <span class=\"vc_label_units\">97%<\/span><\/small><span class=\"vc_bar\" data-percentage-value=\"97\" data-value=\"97\"><\/span><\/div><\/div><\/div><\/div><\/div><div class=\"wpb_column vc_column_container vc_col-sm-6\"><div class=\"vc_column-inner vc_custom_1545817438068\"><div class=\"wpb_wrapper\">\n    <div class=\"dustrial-picons-69d8d3fdaf460  media wow fadeInUp\">\n            <div class=\"company-icon\">\n        <i class=\"dustrial-icon flaticon-analytics\"><\/i>\n      <\/div>\n            <div class=\"media-body\">\n        <div>\n          <h6 class=\"mb-1 sub-title\">La soci\u00e9t\u00e9 a une forte force globale<\/h6>\n          <p class=\"m-0\">Hengshui Xiangshuntian Steel Structure Co., \u00e0 Ltd., avec plus d'une d\u00e9cennie d'exp\u00e9rience, se sp\u00e9cialise dans la conception, la production et l'installation de tours. \u00c9quip\u00e9 d'installations de pointe et d'une \u00e9quipe technique solide, il sert des clients dans tout le pays.<\/p>\n        <\/div>\n      <\/div>\n          <\/div>\n    \n  \n  \n    <div class=\"dustrial-picons-69d8d3fdaf4a1  media wow fadeInUp\">\n            <div class=\"company-icon\">\n        <i class=\"dustrial-icon flaticon-ship\"><\/i>\n      <\/div>\n            <div class=\"media-body\">\n        <div>\n          <h6 class=\"mb-1 sub-title\">Large gamme de produits d'affaires<\/h6>\n          <p class=\"m-0\">La soci\u00e9t\u00e9 se sp\u00e9cialise dans la conception, la fabrication et l'installation de diverses tours, notamment des tours de communication, d'alimentation et de surveillance. Soutenue par des \u00e9quipes professionnelles, elle fournit des solutions compl\u00e8tes et des services apr\u00e8s-vente en temps opportun.<\/p>\n        <\/div>\n      <\/div>\n          <\/div>\n    \n  \n  \n    <div class=\"dustrial-picons-69d8d3fdaf4cd  media wow fadeInUp\">\n            <div class=\"company-icon\">\n        <i class=\"dustrial-icon flaticon-maps-and-location\"><\/i>\n      <\/div>\n            <div class=\"media-body\">\n        <div>\n          <h6 class=\"mb-1 sub-title\">Objet Social<\/h6>\n          <p class=\"m-0\">La soci\u00e9t\u00e9 adh\u00e8re au principe fondamental de \u00ab la qualit\u00e9 d'abord, le client d'abord \u00bb et s'engage \u00e0 fournir aux utilisateurs des \u00e9quipements de haute technologie et des services de haute qualit\u00e9. Nous esp\u00e9rons sinc\u00e8rement coop\u00e9rer avec des amis de tous les horizons de la vie \u00e0 la maison et \u00e0 l'\u00e9tranger pour le d\u00e9veloppement commun.<\/p>\n        <\/div>\n      <\/div>\n          <\/div>\n    \n  \n  <\/div><\/div><\/div><\/div><div data-vc-full-width=\"true\" data-vc-full-width-init=\"false\" class=\"vc_row wpb_row vc_row-fluid call-to-action bg-black-overlay vc_custom_1590734130038 vc_row-has-fill\"><div class=\"wpb_column vc_column_container vc_col-sm-12\"><div class=\"vc_column-inner vc_custom_1680763943802\"><div class=\"wpb_wrapper\"> \n    <div class=\"call-to-action-sections default-style text-center\">\n      <div class=\"call_to_action_title wow fadeInUp\">\n        <h2>Plus de 25 ans d'exp\u00e9rience pour vous donner de meilleurs r\u00e9sultats<\/h2>\n        <p>Nous exploitons des \u00e9quipements de production et d'essai de pointe, avec des \u00e9quipes d'installation et de maintenance qualifi\u00e9es offrant un soutien apr\u00e8s-vente \u00e0 l'\u00e9chelle nationale.Constamment reconnu comme une \u00ab entreprise contractuelle et cr\u00e9diteuse \u00bb et une \u00ab entreprise \u00e9toile \u00bb municipale, nous sommes certifi\u00e9s ISO9001, ISO14000 et syst\u00e8mes de gestion de la sant\u00e9 au travail.<\/p>\n      <\/div>\n      <div class=\"call_to_action_btns wow fadeInUp\">\n        <a href=\"#\" class=\"btn call_to_action_btn\">Contactez-nous aujourd 'hui<\/a>\n      <\/div>\n    <\/div>\n  \n<\/div><\/div><\/div><\/div><div class=\"vc_row-full-width vc_clearfix\"><\/div><div data-vc-full-width=\"true\" data-vc-full-width-init=\"false\" class=\"vc_row wpb_row vc_row-fluid vc_custom_1546418441743 vc_row-has-fill\"><div class=\"wpb_column vc_column_container vc_col-sm-12\"><div class=\"vc_column-inner vc_custom_1680763935051\"><div class=\"wpb_wrapper\">\n    <div class=\"dustrial-stitle-69d8d3fdafc2d section-title  wow fadeIn\">\n              <div class=\"section-thumb\"><img decoding=\"async\" src=\"https:\/\/irontowerfactory.com\/wp-content\/uploads\/2019\/01\/title-icon-1-2.png\" alt=\"title icon\"><\/div>\n            <div class=\"section-body\">\n        <h6 class=\"sub-title activeColor\">Reconna\u00eetre<\/h6>\n        <h3 class=\"m-0 main-title\">Notre Expert<\/h3>\n      <\/div>\n    <\/div>\n\n  <div class=\"row\">\n      <div class=\"team-item col-12 col-md-6 col-lg-3\">\n      <div class=\"team-item69d8d3fdafd15 team-single-item\">\n        <div class=\"team-item-thumbnail-area\">\n          <img decoding=\"async\" src=\"https:\/\/irontowerfactory.com\/wp-content\/uploads\/2018\/12\/team-member-03.png\" alt=\"Team Image\">\n          <div class=\"team-single-social\">\n                        <a href=\"#\"> <i class=\"fa fa-facebook\"><\/i><\/a>\n                        <a href=\"#\"> <i class=\"fa fa-twitter\"><\/i><\/a>\n                        <a href=\"\"> <i class=\"fa fa-linkedin\"><\/i><\/a>\n                                  <\/div>\n        <\/div>\n        <div class=\"team-item-content\">\n          <h5 class=\"team-title\">par Robert Pattinson<\/h5>\n          <p class=\"team-designation\">Officier d'ing\u00e9nierie<\/p>\n        <\/div>\n      <\/div>\n    <\/div>\n      <div class=\"team-item col-12 col-md-6 col-lg-3\">\n      <div class=\"team-item69d8d3fdafd15 team-single-item\">\n        <div class=\"team-item-thumbnail-area\">\n          <img decoding=\"async\" src=\"https:\/\/irontowerfactory.com\/wp-content\/uploads\/2018\/12\/team-member-01.png\" alt=\"Team Image\">\n          <div class=\"team-single-social\">\n                        <a href=\"#\"> <i class=\"fa fa-facebook\"><\/i><\/a>\n                        <a href=\"#\"> <i class=\"fa fa-twitter\"><\/i><\/a>\n                        <a href=\"#\"> <i class=\"fa fa-linkedin\"><\/i><\/a>\n                                  <\/div>\n        <\/div>\n        <div class=\"team-item-content\">\n          <h5 class=\"team-title\">Mo\u00efse Kelly<\/h5>\n          <p class=\"team-designation\">Officier de technologie<\/p>\n        <\/div>\n      <\/div>\n    <\/div>\n      <div class=\"team-item col-12 col-md-6 col-lg-3\">\n      <div class=\"team-item69d8d3fdafd15 team-single-item\">\n        <div class=\"team-item-thumbnail-area\">\n          <img decoding=\"async\" src=\"https:\/\/irontowerfactory.com\/wp-content\/uploads\/2018\/12\/Team-11.png\" alt=\"Team Image\">\n          <div class=\"team-single-social\">\n                        <a href=\"#\"> <i class=\"fa fa-facebook\"><\/i><\/a>\n                        <a href=\"#\"> <i class=\"fa fa-twitter\"><\/i><\/a>\n                        <a href=\"#\"> <i class=\"fa fa-linkedin\"><\/i><\/a>\n                                  <\/div>\n        <\/div>\n        <div class=\"team-item-content\">\n          <h5 class=\"team-title\">par David Mazouz<\/h5>\n          <p class=\"team-designation\">Marketing Manager<\/p>\n        <\/div>\n      <\/div>\n    <\/div>\n      <div class=\"team-item col-12 col-md-6 col-lg-3\">\n      <div class=\"team-item69d8d3fdafd15 team-single-item\">\n        <div class=\"team-item-thumbnail-area\">\n          <img decoding=\"async\" src=\"https:\/\/irontowerfactory.com\/wp-content\/uploads\/2018\/12\/Team-07.png\" alt=\"Team Image\">\n          <div class=\"team-single-social\">\n                        <a href=\"#\"> <i class=\"fa fa-facebook\"><\/i><\/a>\n                        <a href=\"#\"> <i class=\"fa fa-twitter\"><\/i><\/a>\n                        <a href=\"#\"> <i class=\"fa fa-linkedin\"><\/i><\/a>\n                                  <\/div>\n        <\/div>\n        <div class=\"team-item-content\">\n          <h5 class=\"team-title\">Christiane Pavon<\/h5>\n          <p class=\"team-designation\">Officier de technologie<\/p>\n        <\/div>\n      <\/div>\n    <\/div>\n  <\/div>\n<\/div><\/div><\/div><\/div><div class=\"vc_row-full-width vc_clearfix\"><\/div>\n<\/div>","protected":false},"excerpt":{"rendered":"","protected":false},"author":1,"featured_media":0,"parent":0,"menu_order":0,"comment_status":"closed","ping_status":"closed","template":"page-template\/blank-page-sidebar.php","meta":{"footnotes":""},"class_list":["post-334","page","type-page","status-publish","hentry"],"_hostinger_reach_plugin_has_subscription_block":false,"_hostinger_reach_plugin_is_elementor":false,"_links":{"self":[{"href":"https:\/\/irontowerfactory.com\/fr\/wp-json\/wp\/v2\/pages\/334","targetHints":{"allow":["GET"]}}],"collection":[{"href":"https:\/\/irontowerfactory.com\/fr\/wp-json\/wp\/v2\/pages"}],"about":[{"href":"https:\/\/irontowerfactory.com\/fr\/wp-json\/wp\/v2\/types\/page"}],"author":[{"embeddable":true,"href":"https:\/\/irontowerfactory.com\/fr\/wp-json\/wp\/v2\/users\/1"}],"replies":[{"embeddable":true,"href":"https:\/\/irontowerfactory.com\/fr\/wp-json\/wp\/v2\/comments?post=334"}],"version-history":[{"count":11,"href":"https:\/\/irontowerfactory.com\/fr\/wp-json\/wp\/v2\/pages\/334\/revisions"}],"predecessor-version":[{"id":2603,"href":"https:\/\/irontowerfactory.com\/fr\/wp-json\/wp\/v2\/pages\/334\/revisions\/2603"}],"wp:attachment":[{"href":"https:\/\/irontowerfactory.com\/fr\/wp-json\/wp\/v2\/media?parent=334"}],"curies":[{"name":"wp","href":"https:\/\/api.w.org\/{rel}","templated":true}]}}