{"id":412,"date":"2018-11-24T04:41:43","date_gmt":"2018-11-24T04:41:43","guid":{"rendered":"http:\/\/pluginspoint.com\/dustrial\/?page_id=412"},"modified":"2025-09-17T03:49:42","modified_gmt":"2025-09-17T03:49:42","slug":"testimonials","status":"publish","type":"page","link":"https:\/\/irontowerfactory.com\/fr\/testimonials\/","title":{"rendered":"T\u00e9moignages"},"content":{"rendered":"<div class=\"wpb-content-wrapper\"><div data-vc-full-width=\"true\" data-vc-full-width-init=\"false\" class=\"vc_row wpb_row vc_row-fluid vc_custom_1546077509940 vc_row-has-fill\"><div class=\"wpb_column vc_column_container vc_col-sm-12\"><div class=\"vc_column-inner\"><div class=\"wpb_wrapper\"><div class=\"vc_row wpb_row vc_inner vc_row-fluid\"><div class=\"wpb_column vc_column_container vc_col-sm-12\"><div class=\"vc_column-inner\"><div class=\"wpb_wrapper\">\n    <div class=\"col-lg-8 offset-lg-2 col-md-10 offset-md-1 col-sm-12 col-12\">\n      <div class=\"dustrial-stitle-69d8d3f262afb section-title-three text-center wow fadeInUp\">\n        <h2>Client <strong>R\u00e9visions<\/strong><\/h2>\n        <p><\/p>\n      <\/div>\n    <\/div>\n\n    <\/div><\/div><\/div><\/div><div class=\"vc_row wpb_row vc_inner vc_row-fluid\"><div class=\"wpb_column vc_column_container vc_col-sm-12\"><div class=\"vc_column-inner\"><div class=\"wpb_wrapper\">  <script>\n    jQuery(document).ready(function($) {\n      $(\"#h3-testimonial-items\").owlCarousel({\n        loop: true,\n        margin: 30,\n        responsiveClass: true,\n        navigation: true,\n        navText: [\"<i class='fa fa-angle-left'><\/i>\", \"<i class='fa fa-angle-right'><\/i>\"],\n        nav: false,\n        items: 2,\n        dots: true,\n        autoplay: true,\n        smartSpeed: 1000,\n        autoplayTimeout: 1000,\n        mouseDrag:true,\n        center: false,\n        responsive: {\n            0: {\n                items: 1            },\n            766: {\n                items: 1            },\n            767: {\n                items: 2            },\n            990: {\n                items: 2            },\n            991: {\n                items: 2            }\n        }\n      });\n    });\n  <\/script>\n\n  <div id=\"h3-testimonial-items\" class=\"owl-carousel owl-theme\">\n    \n    <div class=\"item text-center\">\n      <div class=\"testimonial-content mb-5\">\n        <p>Apr\u00e8s avoir compar\u00e9 et inspect\u00e9 plusieurs entreprises de transformation de tours de fer, nous avons finalement choisi de coop\u00e9rer. Apr\u00e8s plus de 60 jours de conception, de transformation, de transport et d'autres processus de tour de fer, il est arriv\u00e9 au port de Malte en d\u00e9cembre 2024 et a re\u00e7u les \u00e9loges unanimes des clients.<\/p>\n      <\/div>\n      <div class=\"testimonial-author pt-2\">\n        <div class=\"testimonial-author-img mb-3\">\n          <img loading=\"lazy\" decoding=\"async\" width=\"200\" height=\"200\" src=\"https:\/\/irontowerfactory.com\/wp-content\/uploads\/2018\/11\/testimonial-thumb-2.png\" class=\"attachment-post-thumbnail size-post-thumbnail wp-post-image\" alt=\"\" srcset=\"https:\/\/irontowerfactory.com\/wp-content\/uploads\/2018\/11\/testimonial-thumb-2.png 200w, https:\/\/irontowerfactory.com\/wp-content\/uploads\/2018\/11\/testimonial-thumb-2-100x100.png 100w, https:\/\/irontowerfactory.com\/wp-content\/uploads\/2018\/11\/testimonial-thumb-2-150x150.png 150w\" sizes=\"auto, (max-width: 200px) 100vw, 200px\" \/>        <\/div>\n        <h5 class=\"testimonial-author-name mb-0\"><\/h5>\n                  <div class=\"testimonial-star-ratings\">\n          <i class=\"fa fa-star activeColor mr-1\" aria-hidden=\"true\"><\/i><i class=\"fa fa-star activeColor mr-1\" aria-hidden=\"true\"><\/i><i class=\"fa fa-star activeColor mr-1\" aria-hidden=\"true\"><\/i><i class=\"fa fa-star activeColor mr-1\" aria-hidden=\"true\"><\/i><i class=\"fa fa-star activeColor mr-1\" aria-hidden=\"true\"><\/i>          <\/div>\n              <\/div>\n    <\/div>\n    \n    <div class=\"item text-center\">\n      <div class=\"testimonial-content mb-5\">\n        <p>Cette tour est une tour d'observation en acier \u00e0 quatre colonnes d'une hauteur de 20 m\u00e8tres. Apr\u00e8s plus de 40 jours de conception, de traitement, de transport et d'autres processus de tour de fer, il est arriv\u00e9 au port de Shimonoseki au Japon en juin 2024 et a re\u00e7u de nombreux \u00e9loges de la part des clients.<\/p>\n      <\/div>\n      <div class=\"testimonial-author pt-2\">\n        <div class=\"testimonial-author-img mb-3\">\n          <img loading=\"lazy\" decoding=\"async\" width=\"200\" height=\"200\" src=\"https:\/\/irontowerfactory.com\/wp-content\/uploads\/2018\/11\/testimonial-thumb-3.png\" class=\"attachment-post-thumbnail size-post-thumbnail wp-post-image\" alt=\"\" srcset=\"https:\/\/irontowerfactory.com\/wp-content\/uploads\/2018\/11\/testimonial-thumb-3.png 200w, https:\/\/irontowerfactory.com\/wp-content\/uploads\/2018\/11\/testimonial-thumb-3-100x100.png 100w, https:\/\/irontowerfactory.com\/wp-content\/uploads\/2018\/11\/testimonial-thumb-3-150x150.png 150w\" sizes=\"auto, (max-width: 200px) 100vw, 200px\" \/>        <\/div>\n        <h5 class=\"testimonial-author-name mb-0\"><\/h5>\n                  <div class=\"testimonial-star-ratings\">\n          <i class=\"fa fa-star activeColor mr-1\" aria-hidden=\"true\"><\/i><i class=\"fa fa-star activeColor mr-1\" aria-hidden=\"true\"><\/i><i class=\"fa fa-star activeColor mr-1\" aria-hidden=\"true\"><\/i><i class=\"fa fa-star activeColor mr-1\" aria-hidden=\"true\"><\/i><i class=\"fa fa-star activeColor mr-1\" aria-hidden=\"true\"><\/i>          <\/div>\n              <\/div>\n    <\/div>\n      <\/div>\n\n<\/div><\/div><\/div><\/div><\/div><\/div><\/div><\/div><div class=\"vc_row-full-width vc_clearfix\"><\/div><div data-vc-full-width=\"true\" data-vc-full-width-init=\"false\" class=\"vc_row wpb_row vc_row-fluid vc_custom_1546957150802 vc_row-has-fill\"><div class=\"wpb_column vc_column_container vc_col-sm-12\"><div class=\"vc_column-inner\"><div class=\"wpb_wrapper\"><div class=\"vc_row wpb_row vc_inner vc_row-fluid\"><div class=\"h1-testimonials-area wpb_column vc_column_container vc_col-sm-12\"><div class=\"vc_column-inner\"><div class=\"wpb_wrapper\">\n    <div class=\"dustrial-stitle-69d8d3f264f0f section-title  wow fadeIn\">\n              <div class=\"section-thumb\"><img decoding=\"async\" src=\"https:\/\/irontowerfactory.com\/wp-content\/uploads\/2019\/01\/title-icon-1-2.png\" alt=\"title icon\"><\/div>\n            <div class=\"section-body\">\n        <h6 class=\"sub-title activeColor\">Ce Client Say<\/h6>\n        <h3 class=\"m-0 main-title\">T\u00e9moignages<\/h3>\n      <\/div>\n    <\/div>\n\n  <\/div><\/div><\/div><\/div><div class=\"vc_row wpb_row vc_inner vc_row-fluid\"><div class=\"wpb_column vc_column_container vc_col-sm-12\"><div class=\"vc_column-inner\"><div class=\"wpb_wrapper\">  <script>\n    jQuery(document).ready(function($) {\n      $(\"#testimonial-items\").owlCarousel({\n        loop: true,\n        margin: 30,\n        responsiveClass: true,\n        navigation: true,\n        navText: [\"<i class='fa fa-angle-left'><\/i>\", \"<i class='fa fa-angle-right'><\/i>\"],\n        nav: true,\n        items: 2,\n        dots: false,\n        autoplay: true,\n        smartSpeed: 1000,\n        autoplayTimeout: 1000,\n        mouseDrag:true,\n        center: false,\n        responsive: {\n            0: {\n                items: 1            },\n            766: {\n                items: 1            },\n            767: {\n                items: 2            },\n            990: {\n                items: 2            },\n            991: {\n                items: 2            }\n        }\n      });\n    });\n  <\/script>\n\n  <div id=\"testimonial-items\" class=\"owl-carousel\">\n          <div class=\"single-testimonial-items\">\n        <div class=\"single-testimonial-items-title\">\n          <h3>Clients Reviews<\/h3>\n        <\/div>\n        <div class=\"single-testimonial-items-content\">\n          <p>Apr\u00e8s avoir compar\u00e9 et inspect\u00e9 plusieurs entreprises de transformation de tours de fer, nous avons finalement choisi de coop\u00e9rer. Apr\u00e8s plus de 60 jours de conception, de transformation, de transport et d'autres processus de tour de fer, il est arriv\u00e9 au port de Malte en d\u00e9cembre 2024 et a re\u00e7u les \u00e9loges unanimes des clients.<\/p>\n        <\/div>\n        <div class=\"single-testimonial-items-meta\">\n          <h5 class=\"testimonial-author-name\"><\/h5>\n                      <div class=\"testimonial-star-ratings\">\n            <i class=\"fa fa-star activeColor mr-1\" aria-hidden=\"true\"><\/i><i class=\"fa fa-star activeColor mr-1\" aria-hidden=\"true\"><\/i><i class=\"fa fa-star activeColor mr-1\" aria-hidden=\"true\"><\/i><i class=\"fa fa-star activeColor mr-1\" aria-hidden=\"true\"><\/i><i class=\"fa fa-star activeColor mr-1\" aria-hidden=\"true\"><\/i>            <\/div>\n                  <\/div>\n      <\/div>\n          <div class=\"single-testimonial-items\">\n        <div class=\"single-testimonial-items-title\">\n          <h3>Clients Reviews<\/h3>\n        <\/div>\n        <div class=\"single-testimonial-items-content\">\n          <p>Cette tour est une tour d'observation en acier \u00e0 quatre colonnes d'une hauteur de 20 m\u00e8tres. Apr\u00e8s plus de 40 jours de conception, de traitement, de transport et d'autres processus de tour de fer, il est arriv\u00e9 au port de Shimonoseki au Japon en juin 2024 et a re\u00e7u de nombreux \u00e9loges de la part des clients.<\/p>\n        <\/div>\n        <div class=\"single-testimonial-items-meta\">\n          <h5 class=\"testimonial-author-name\"><\/h5>\n                      <div class=\"testimonial-star-ratings\">\n            <i class=\"fa fa-star activeColor mr-1\" aria-hidden=\"true\"><\/i><i class=\"fa fa-star activeColor mr-1\" aria-hidden=\"true\"><\/i><i class=\"fa fa-star activeColor mr-1\" aria-hidden=\"true\"><\/i><i class=\"fa fa-star activeColor mr-1\" aria-hidden=\"true\"><\/i><i class=\"fa fa-star activeColor mr-1\" aria-hidden=\"true\"><\/i>            <\/div>\n                  <\/div>\n      <\/div>\n      <\/div>\n\n<\/div><\/div><\/div><\/div><\/div><\/div><\/div><\/div><div class=\"vc_row-full-width vc_clearfix\"><\/div><div data-vc-full-width=\"true\" data-vc-full-width-init=\"false\" class=\"vc_row wpb_row vc_row-fluid h2-testimonial-area vc_custom_1590735333410 vc_row-has-fill\"><div class=\"wpb_column vc_column_container vc_col-sm-12\"><div class=\"vc_column-inner\"><div class=\"wpb_wrapper\"><div class=\"vc_row wpb_row vc_inner vc_row-fluid\"><div class=\"wpb_column vc_column_container vc_col-sm-12\"><div class=\"vc_column-inner\"><div class=\"wpb_wrapper\">\n    <div class=\"row d-flex justify-content-center wow fadeInUp\">\n      <div class=\"col-lg-12\">\n        <div class=\"dustrial-stitle-69d8d3f2666ae section-title-two text-center\">\n          <div class=\"section-two-body\">\n            <h6 class=\"sub-title activeColor\">T\u00e9moignage<\/h6>\n           <h3 class=\"main-title\">Ce Client Say<\/h3>\n          <\/div>\n                      <div class=\"stock\">\n              <img decoding=\"async\" src=\"https:\/\/irontowerfactory.com\/wp-content\/uploads\/2018\/11\/stock-1-2.png\" alt=\"stock\">\n            <\/div>\n                  <\/div>\n      <\/div>\n    <\/div>\n\n    <\/div><\/div><\/div><\/div><div class=\"vc_row wpb_row vc_inner vc_row-fluid\"><div class=\"wpb_column vc_column_container vc_col-sm-12\"><div class=\"vc_column-inner\"><div class=\"wpb_wrapper\">  <script>\n    jQuery(document).ready(function($) {\n      $(\"#h2-testimonial-items\").owlCarousel({\n        loop: true,\n        margin: 30,\n        responsiveClass: true,\n        navigation: true,\n        navText: [\"<i class='fa fa-angle-left'><\/i>\", \"<i class='fa fa-angle-right'><\/i>\"],\n        nav: false,\n        items: 2,\n        dots: true,\n        autoplay: true,\n        smartSpeed: 1000,\n        autoplayTimeout: 1000,\n        mouseDrag:true,\n        center: false,\n        responsive: {\n            0: {\n                items: 1            },\n            766: {\n                items: 1            },\n            767: {\n                items: 2            },\n            990: {\n                items: 2            },\n            991: {\n                items: 2            }\n        }\n      });\n    });\n  <\/script>\n\n  <div id=\"h2-testimonial-items\" class=\"owl-carousel owl-theme\">\n    \n    <div class=\"item text-center\">\n      <div class=\"item-content\">\n        <div class=\"testimonial-author\">\n          <div class=\"testimonial-author-img mb-3\">\n            <img loading=\"lazy\" decoding=\"async\" width=\"200\" height=\"200\" src=\"https:\/\/irontowerfactory.com\/wp-content\/uploads\/2018\/11\/testimonial-thumb-2.png\" class=\"attachment-post-thumbnail size-post-thumbnail wp-post-image\" alt=\"\" srcset=\"https:\/\/irontowerfactory.com\/wp-content\/uploads\/2018\/11\/testimonial-thumb-2.png 200w, https:\/\/irontowerfactory.com\/wp-content\/uploads\/2018\/11\/testimonial-thumb-2-100x100.png 100w, https:\/\/irontowerfactory.com\/wp-content\/uploads\/2018\/11\/testimonial-thumb-2-150x150.png 150w\" sizes=\"auto, (max-width: 200px) 100vw, 200px\" \/>          <\/div>\n          <h6 class=\"testimonial-author-name mb-1 text-light\"><\/h6>\n                    <div class=\"testimonial-reating\">\n            <i class=\"fa fa-star activeColor mr-1\" aria-hidden=\"true\"><\/i><i class=\"fa fa-star activeColor mr-1\" aria-hidden=\"true\"><\/i><i class=\"fa fa-star activeColor mr-1\" aria-hidden=\"true\"><\/i><i class=\"fa fa-star activeColor mr-1\" aria-hidden=\"true\"><\/i><i class=\"fa fa-star activeColor mr-1\" aria-hidden=\"true\"><\/i>          <\/div>\n                <\/div>\n        <div class=\"testimonial-content text-light text-center\">\n          <p>Apr\u00e8s avoir compar\u00e9 et inspect\u00e9 plusieurs entreprises de transformation de tours de fer, nous avons finalement choisi de coop\u00e9rer. Apr\u00e8s plus de 60 jours de conception, de transformation, de transport et d'autres processus de tour de fer, il est arriv\u00e9 au port de Malte en d\u00e9cembre 2024 et a re\u00e7u les \u00e9loges unanimes des clients.<\/p>\n        <\/div>\n        <div class=\"quotation\">\n          <i class=\"fa fa-quote-left\" aria-hidden=\"true\"><\/i>\n        <\/div>\n      <\/div>\n    <\/div>\n    \n    <div class=\"item text-center\">\n      <div class=\"item-content\">\n        <div class=\"testimonial-author\">\n          <div class=\"testimonial-author-img mb-3\">\n            <img loading=\"lazy\" decoding=\"async\" width=\"200\" height=\"200\" src=\"https:\/\/irontowerfactory.com\/wp-content\/uploads\/2018\/11\/testimonial-thumb-3.png\" class=\"attachment-post-thumbnail size-post-thumbnail wp-post-image\" alt=\"\" srcset=\"https:\/\/irontowerfactory.com\/wp-content\/uploads\/2018\/11\/testimonial-thumb-3.png 200w, https:\/\/irontowerfactory.com\/wp-content\/uploads\/2018\/11\/testimonial-thumb-3-100x100.png 100w, https:\/\/irontowerfactory.com\/wp-content\/uploads\/2018\/11\/testimonial-thumb-3-150x150.png 150w\" sizes=\"auto, (max-width: 200px) 100vw, 200px\" \/>          <\/div>\n          <h6 class=\"testimonial-author-name mb-1 text-light\"><\/h6>\n                    <div class=\"testimonial-reating\">\n            <i class=\"fa fa-star activeColor mr-1\" aria-hidden=\"true\"><\/i><i class=\"fa fa-star activeColor mr-1\" aria-hidden=\"true\"><\/i><i class=\"fa fa-star activeColor mr-1\" aria-hidden=\"true\"><\/i><i class=\"fa fa-star activeColor mr-1\" aria-hidden=\"true\"><\/i><i class=\"fa fa-star activeColor mr-1\" aria-hidden=\"true\"><\/i>          <\/div>\n                <\/div>\n        <div class=\"testimonial-content text-light text-center\">\n          <p>Cette tour est une tour d'observation en acier \u00e0 quatre colonnes d'une hauteur de 20 m\u00e8tres. Apr\u00e8s plus de 40 jours de conception, de traitement, de transport et d'autres processus de tour de fer, il est arriv\u00e9 au port de Shimonoseki au Japon en juin 2024 et a re\u00e7u de nombreux \u00e9loges de la part des clients.<\/p>\n        <\/div>\n        <div class=\"quotation\">\n          <i class=\"fa fa-quote-left\" aria-hidden=\"true\"><\/i>\n        <\/div>\n      <\/div>\n    <\/div>\n      <\/div>\n\n<\/div><\/div><\/div><\/div><\/div><\/div><\/div><\/div><div class=\"vc_row-full-width vc_clearfix\"><\/div>\n<\/div>","protected":false},"excerpt":{"rendered":"Cette tour est une tour d'observation en acier \u00e0 quatre colonnes d'une hauteur de 20 m\u00e8tres. Apr\u00e8s plus de 40 jours de conception, de traitement, de transport et d'autres processus de tour de fer, il est arriv\u00e9 au port de Shimonoseki au Japon en juin 2024 et a re\u00e7u de nombreux \u00e9loges de la part des clients.","protected":false},"author":1,"featured_media":0,"parent":0,"menu_order":0,"comment_status":"closed","ping_status":"closed","template":"page-template\/blank-page-sidebar.php","meta":{"footnotes":""},"class_list":["post-412","page","type-page","status-publish","hentry"],"_hostinger_reach_plugin_has_subscription_block":false,"_hostinger_reach_plugin_is_elementor":false,"_links":{"self":[{"href":"https:\/\/irontowerfactory.com\/fr\/wp-json\/wp\/v2\/pages\/412","targetHints":{"allow":["GET"]}}],"collection":[{"href":"https:\/\/irontowerfactory.com\/fr\/wp-json\/wp\/v2\/pages"}],"about":[{"href":"https:\/\/irontowerfactory.com\/fr\/wp-json\/wp\/v2\/types\/page"}],"author":[{"embeddable":true,"href":"https:\/\/irontowerfactory.com\/fr\/wp-json\/wp\/v2\/users\/1"}],"replies":[{"embeddable":true,"href":"https:\/\/irontowerfactory.com\/fr\/wp-json\/wp\/v2\/comments?post=412"}],"version-history":[{"count":1,"href":"https:\/\/irontowerfactory.com\/fr\/wp-json\/wp\/v2\/pages\/412\/revisions"}],"predecessor-version":[{"id":2533,"href":"https:\/\/irontowerfactory.com\/fr\/wp-json\/wp\/v2\/pages\/412\/revisions\/2533"}],"wp:attachment":[{"href":"https:\/\/irontowerfactory.com\/fr\/wp-json\/wp\/v2\/media?parent=412"}],"curies":[{"name":"wp","href":"https:\/\/api.w.org\/{rel}","templated":true}]}}