{"id":447,"date":"2018-11-24T05:38:13","date_gmt":"2018-11-24T05:38:13","guid":{"rendered":"http:\/\/pluginspoint.com\/dustrial\/?page_id=447"},"modified":"2025-11-07T00:41:32","modified_gmt":"2025-11-07T00:41:32","slug":"faq","status":"publish","type":"page","link":"https:\/\/irontowerfactory.com\/fr\/faq\/","title":{"rendered":"Questions fr\u00e9quentes"},"content":{"rendered":"<div class=\"wpb-content-wrapper\"><div class=\"vc_row wpb_row vc_row-fluid vc_custom_1545818668441\"><div class=\"wpb_column vc_column_container vc_col-sm-6\"><div class=\"vc_column-inner vc_custom_1545818661610\"><div class=\"wpb_wrapper\">\n    <div class=\"dustrial-stitle-69d8d3fda22ea section-title  wow\">\n            <div class=\"section-body preview-icons\">\n        <h6 class=\"sub-title activeColor\"><\/h6>\n        <h3 class=\"m-0 main-title\">Types de produits et sc\u00e9narios d'application<\/h3>\n      <\/div>\n    <\/div>\n\n  <div class=\"vc_tta-container\" data-vc-action=\"collapse\"><div class=\"vc_general vc_tta vc_tta-accordion vc_tta-color-grey vc_tta-style-classic vc_tta-shape-rounded vc_tta-o-shape-group vc_tta-controls-align-default\"><div class=\"vc_tta-panels-container\"><div class=\"vc_tta-panels\"><div class=\"vc_tta-panel vc_active\" id=\"1545818315407-8e87e571-3191\" data-vc-content=\".vc_tta-panel-body\"><div class=\"vc_tta-panel-heading\"><h4 class=\"vc_tta-panel-title vc_tta-controls-icon-position-left\"><a href=\"#1545818315407-8e87e571-3191\" data-vc-accordion data-vc-container=\".vc_tta-container\"><span class=\"vc_tta-title-text\">Quels sont les types de produits de tour de fer?<\/span><i class=\"vc_tta-controls-icon vc_tta-controls-icon-plus\"><\/i><\/a><\/h4><\/div><div class=\"vc_tta-panel-body\">\n\t<div class=\"wpb_text_column wpb_content_element\" >\n\t\t<div class=\"wpb_wrapper\">\n\t\t\t<p>Il existe diff\u00e9rents types de tours de fer, y compris les tours de communication, les tours d'\u00e9nergie, les tours d'observation, les tours de surveillance, les tours de protection contre la foudre, les tours de mesure du vent, les tours de processus, etc.<\/p>\n\n\t\t<\/div>\n\t<\/div>\n<\/div><\/div><div class=\"vc_tta-panel\" id=\"1545818315453-597468fd-76e1\" data-vc-content=\".vc_tta-panel-body\"><div class=\"vc_tta-panel-heading\"><h4 class=\"vc_tta-panel-title vc_tta-controls-icon-position-left\"><a href=\"#1545818315453-597468fd-76e1\" data-vc-accordion data-vc-container=\".vc_tta-container\"><span class=\"vc_tta-title-text\">Quelles sont les principales applications des tours de communication?<\/span><i class=\"vc_tta-controls-icon vc_tta-controls-icon-plus\"><\/i><\/a><\/h4><\/div><div class=\"vc_tta-panel-body\">\n\t<div class=\"wpb_text_column wpb_content_element\" >\n\t\t<div class=\"wpb_wrapper\">\n\t\t\t<p>Les tours de communication sont principalement utilis\u00e9es dans les zones r\u00e9sidentielles, les quartiers d'affaires, les sites touristiques, les parcs, les campus et autres groupes de b\u00e2timents, ainsi que dans les tunnels ferroviaires \u00e0 grande vitesse, les tunnels de m\u00e9tro, les tunnels autoroutiers et d'autres sc\u00e9narios, fournissant une couverture pour les r\u00e9seaux de communication mobile.<\/p>\n\n\t\t<\/div>\n\t<\/div>\n<\/div><\/div><\/div><\/div><\/div><\/div><\/div><\/div><\/div><div class=\"wpb_column vc_column_container vc_col-sm-6\"><div class=\"vc_column-inner vc_custom_1545818656641\"><div class=\"wpb_wrapper\">\n    <div class=\"dustrial-stitle-69d8d3fda2e96 section-title  wow\">\n            <div class=\"section-body preview-icons\">\n        <h6 class=\"sub-title activeColor\"><\/h6>\n        <h3 class=\"m-0 main-title\">Services customis\u00e9s<\/h3>\n      <\/div>\n    <\/div>\n\n  <div class=\"vc_tta-container\" data-vc-action=\"collapse\"><div class=\"vc_general vc_tta vc_tta-accordion vc_tta-color-grey vc_tta-style-classic vc_tta-shape-rounded vc_tta-o-shape-group vc_tta-controls-align-default\"><div class=\"vc_tta-panels-container\"><div class=\"vc_tta-panels\"><div class=\"vc_tta-panel vc_active\" id=\"1545818212664-9d2aed6b-daf8\" data-vc-content=\".vc_tta-panel-body\"><div class=\"vc_tta-panel-heading\"><h4 class=\"vc_tta-panel-title vc_tta-controls-icon-position-left\"><a href=\"#1545818212664-9d2aed6b-daf8\" data-vc-accordion data-vc-container=\".vc_tta-container\"><span class=\"vc_tta-title-text\">Peut-tour en fer des produits personnalis\u00e9s?<\/span><i class=\"vc_tta-controls-icon vc_tta-controls-icon-plus\"><\/i><\/a><\/h4><\/div><div class=\"vc_tta-panel-body\">\n\t<div class=\"wpb_text_column wpb_content_element\" >\n\t\t<div class=\"wpb_wrapper\">\n\t\t\t<p>Oui, en fonction du sc\u00e9nario d'application et des exigences fonctionnelles, diff\u00e9rentes hauteurs, capacit\u00e9s de charge et plates-formes d'installation d'\u00e9quipements suppl\u00e9mentaires peuvent \u00eatre con\u00e7ues de mani\u00e8re flexible pour r\u00e9pondre \u00e0 diverses exigences techniques et d'ing\u00e9nierie.<\/p>\n\n\t\t<\/div>\n\t<\/div>\n<\/div><\/div><div class=\"vc_tta-panel\" id=\"1545818241578-7f7a8f5c-24dd\" data-vc-content=\".vc_tta-panel-body\"><div class=\"vc_tta-panel-heading\"><h4 class=\"vc_tta-panel-title vc_tta-controls-icon-position-left\"><a href=\"#1545818241578-7f7a8f5c-24dd\" data-vc-accordion data-vc-container=\".vc_tta-container\"><span class=\"vc_tta-title-text\">Combien de temps dure le cycle de personnalisation des tours de fer?<\/span><i class=\"vc_tta-controls-icon vc_tta-controls-icon-plus\"><\/i><\/a><\/h4><\/div><div class=\"vc_tta-panel-body\">\n\t<div class=\"wpb_text_column wpb_content_element\" >\n\t\t<div class=\"wpb_wrapper\">\n\t\t\t<p>Le cycle de personnalisation des tours en fer doit g\u00e9n\u00e9ralement \u00eatre d\u00e9termin\u00e9 en fonction des exigences de conception sp\u00e9cifiques, des processus de production et de la charge de travail, g\u00e9n\u00e9ralement allant de 30 jours.<\/p>\n\n\t\t<\/div>\n\t<\/div>\n<\/div><\/div><\/div><\/div><\/div><\/div><\/div><\/div><\/div><\/div><div class=\"vc_row wpb_row vc_row-fluid vc_custom_1545818668441\"><div class=\"wpb_column vc_column_container vc_col-sm-6\"><div class=\"vc_column-inner vc_custom_1545818661610\"><div class=\"wpb_wrapper\">\n    <div class=\"dustrial-stitle-69d8d3fda39b0 section-title  wow\">\n            <div class=\"section-body preview-icons\">\n        <h6 class=\"sub-title activeColor\"><\/h6>\n        <h3 class=\"m-0 main-title\">Sp\u00e9cifications et performances du produit<\/h3>\n      <\/div>\n    <\/div>\n\n  <div class=\"vc_tta-container\" data-vc-action=\"collapse\"><div class=\"vc_general vc_tta vc_tta-accordion vc_tta-color-grey vc_tta-style-classic vc_tta-shape-rounded vc_tta-o-shape-group vc_tta-controls-align-default\"><div class=\"vc_tta-panels-container\"><div class=\"vc_tta-panels\"><div class=\"vc_tta-panel vc_active\" id=\"1759207770525-df9cd733-ad93\" data-vc-content=\".vc_tta-panel-body\"><div class=\"vc_tta-panel-heading\"><h4 class=\"vc_tta-panel-title vc_tta-controls-icon-position-left\"><a href=\"#1759207770525-df9cd733-ad93\" data-vc-accordion data-vc-container=\".vc_tta-container\"><span class=\"vc_tta-title-text\">Ce qui est typique de la hauteur d'une tour en fer?<\/span><i class=\"vc_tta-controls-icon vc_tta-controls-icon-plus\"><\/i><\/a><\/h4><\/div><div class=\"vc_tta-panel-body\">\n\t<div class=\"wpb_text_column wpb_content_element\" >\n\t\t<div class=\"wpb_wrapper\">\n\t\t\t<p>La hauteur des diff\u00e9rents types de tours en fer varie, avec des tours d'\u00e9nergie allant g\u00e9n\u00e9ralement de 25 \u00e0 100 m\u00e8tres ou plus, des tours d'observation allant de 10 \u00e0 60 m\u00e8tres, des tours de communication allant de 20 \u00e0 80 m\u00e8tres, des tours de surveillance allant de 10 \u00e0 50 m\u00e8tres et des tours de mesure du vent allant de 10 \u00e0 200 m\u00e8tres.<\/p>\n\n\t\t<\/div>\n\t<\/div>\n<\/div><\/div><div class=\"vc_tta-panel\" id=\"1759207770525-28f78575-144d\" data-vc-content=\".vc_tta-panel-body\"><div class=\"vc_tta-panel-heading\"><h4 class=\"vc_tta-panel-title vc_tta-controls-icon-position-left\"><a href=\"#1759207770525-28f78575-144d\" data-vc-accordion data-vc-container=\".vc_tta-container\"><span class=\"vc_tta-title-text\">Quel est le mat\u00e9riau de la tour de fer?<\/span><i class=\"vc_tta-controls-icon vc_tta-controls-icon-plus\"><\/i><\/a><\/h4><\/div><div class=\"vc_tta-panel-body\">\n\t<div class=\"wpb_text_column wpb_content_element\" >\n\t\t<div class=\"wpb_wrapper\">\n\t\t\t<p>La structure principale des tours en fer est g\u00e9n\u00e9ralement faite d'acier de haute qualit\u00e9, tels que Q235, Q345, etc., et des mat\u00e9riaux tels que l'acier d'angle, les tuyaux en acier, l'acier inoxydable, etc. sont \u00e9galement utilis\u00e9s.<\/p>\n\n\t\t<\/div>\n\t<\/div>\n<\/div><\/div><\/div><\/div><\/div><\/div><\/div><\/div><\/div><div class=\"wpb_column vc_column_container vc_col-sm-6\"><div class=\"vc_column-inner vc_custom_1545818656641\"><div class=\"wpb_wrapper\">\n    <div class=\"dustrial-stitle-69d8d3fda42ff section-title  wow\">\n            <div class=\"section-body preview-icons\">\n        <h6 class=\"sub-title activeColor\"><\/h6>\n        <h3 class=\"m-0 main-title\">Maintenance et soins<\/h3>\n      <\/div>\n    <\/div>\n\n  <div class=\"vc_tta-container\" data-vc-action=\"collapse\"><div class=\"vc_general vc_tta vc_tta-accordion vc_tta-color-grey vc_tta-style-classic vc_tta-shape-rounded vc_tta-o-shape-group vc_tta-controls-align-default\"><div class=\"vc_tta-panels-container\"><div class=\"vc_tta-panels\"><div class=\"vc_tta-panel vc_active\" id=\"1759207770526-ea4fc178-c7e6\" data-vc-content=\".vc_tta-panel-body\"><div class=\"vc_tta-panel-heading\"><h4 class=\"vc_tta-panel-title vc_tta-controls-icon-position-left\"><a href=\"#1759207770526-ea4fc178-c7e6\" data-vc-accordion data-vc-container=\".vc_tta-container\"><span class=\"vc_tta-title-text\">Quelle est la dur\u00e9e de vie de la tour de fer?<\/span><i class=\"vc_tta-controls-icon vc_tta-controls-icon-plus\"><\/i><\/a><\/h4><\/div><div class=\"vc_tta-panel-body\">\n\t<div class=\"wpb_text_column wpb_content_element\" >\n\t\t<div class=\"wpb_wrapper\">\n\t\t\t<p>La dur\u00e9e de vie des tours de fer varie en fonction du mat\u00e9riau, de l'environnement d'utilisation et de la situation de maintenance. En r\u00e8gle g\u00e9n\u00e9rale, la dur\u00e9e de vie des tours d'\u00e9lectricit\u00e9 est de 30 \u00e0 50 ans, des tours d'observation de 20 \u00e0 40 ans, des tours de communication de 20 \u00e0 30 ans et des tours de mesure du vent de 20 \u00e0 30 ans.<\/p>\n\n\t\t<\/div>\n\t<\/div>\n<\/div><\/div><div class=\"vc_tta-panel\" id=\"1759207770527-1c614393-7af6\" data-vc-content=\".vc_tta-panel-body\"><div class=\"vc_tta-panel-heading\"><h4 class=\"vc_tta-panel-title vc_tta-controls-icon-position-left\"><a href=\"#1759207770527-1c614393-7af6\" data-vc-accordion data-vc-container=\".vc_tta-container\"><span class=\"vc_tta-title-text\">Comment entretenir la tour de fer?<\/span><i class=\"vc_tta-controls-icon vc_tta-controls-icon-plus\"><\/i><\/a><\/h4><\/div><div class=\"vc_tta-panel-body\">\n\t<div class=\"wpb_text_column wpb_content_element\" >\n\t\t<div class=\"wpb_wrapper\">\n\t\t\t<p>L'entretien des tours de fer comprend des inspections compl\u00e8tes r\u00e9guli\u00e8res de la structure de la tour, des composants de connexion et de l'\u00e9tat des rev\u00eatements anticorrosion, en assurant le fonctionnement normal des \u00e9quipements de transmission ou de communication d'\u00e9nergie et l'efficacit\u00e9 des syst\u00e8mes de protection contre la foudre et de mise \u00e0 la terre, en mettant en \u0153uvre les mesures de nettoyage et de lubrification n\u00e9cessaires pour garder les installations s\u00e8ches et r\u00e9duire l'usure, etc.<\/p>\n\n\t\t<\/div>\n\t<\/div>\n<\/div><\/div><\/div><\/div><\/div><\/div><\/div><\/div><\/div><\/div><div data-vc-full-width=\"true\" data-vc-full-width-init=\"false\" class=\"vc_row wpb_row vc_row-fluid vc_custom_1546076647233 vc_row-has-fill\"><div class=\"wpb_column vc_column_container vc_col-sm-12\"><div class=\"vc_column-inner\"><div class=\"wpb_wrapper\"><div class=\"vc_row wpb_row vc_inner vc_row-fluid\"><div class=\"wpb_column vc_column_container vc_col-sm-12\"><div class=\"vc_column-inner\"><div class=\"wpb_wrapper\">\n    <div class=\"col-lg-8 offset-lg-2 col-md-10 offset-md-1 col-sm-12 col-12\">\n      <div class=\"dustrial-stitle-69d8d3fda519f section-title-three text-center wow fadeInUp\">\n        <h2>Demandez \u00c0 Votre <strong>Questions<\/strong><\/h2>\n        <p><\/p>\n      <\/div>\n    <\/div>\n\n    <\/div><\/div><\/div><\/div><div class=\"vc_row wpb_row vc_inner vc_row-fluid\"><div class=\"wpb_column vc_column_container vc_col-sm-12\"><div class=\"vc_column-inner\"><div class=\"wpb_wrapper\">\n<div class=\"wpcf7 no-js\" id=\"wpcf7-f464-o1\" lang=\"en-US\" dir=\"ltr\" data-wpcf7-id=\"464\">\n<div class=\"screen-reader-response\"><p role=\"status\" aria-live=\"polite\" aria-atomic=\"true\"><\/p> <ul><\/ul><\/div>\n<form action=\"\/fr\/wp-json\/wp\/v2\/pages\/447#wpcf7-f464-o1\" method=\"post\" class=\"wpcf7-form init\" aria-label=\"Contact form\" novalidate=\"novalidate\" data-status=\"init\" data-trp-original-action=\"\/fr\/wp-json\/wp\/v2\/pages\/447#wpcf7-f464-o1\">\n<fieldset class=\"hidden-fields-container\"><input type=\"hidden\" name=\"_wpcf7\" value=\"464\" \/><input type=\"hidden\" name=\"_wpcf7_version\" value=\"6.1.1\" \/><input type=\"hidden\" name=\"_wpcf7_locale\" value=\"en_US\" \/><input type=\"hidden\" name=\"_wpcf7_unit_tag\" value=\"wpcf7-f464-o1\" \/><input type=\"hidden\" name=\"_wpcf7_container_post\" value=\"0\" \/><input type=\"hidden\" name=\"_wpcf7_posted_data_hash\" value=\"\" \/>\n<\/fieldset>\n<div class=\"row ask_form_area\">\n\t<div class=\"col-md-6\">\n\t\t<div class=\"form-group\">\n\t\t\t<p><span class=\"wpcf7-form-control-wrap\" data-name=\"your-name\"><input size=\"40\" maxlength=\"400\" class=\"wpcf7-form-control wpcf7-text wpcf7-validates-as-required form-control rounded-0\" aria-required=\"true\" aria-invalid=\"false\" placeholder=\"Pr\u00e9nom*Nom *\" value=\"\" type=\"text\" name=\"your-name\" \/><\/span>\n\t\t\t<\/p>\n\t\t<\/div>\n\t\t<div class=\"form-group\">\n\t\t\t<p><span class=\"wpcf7-form-control-wrap\" data-name=\"your-email\"><input size=\"40\" maxlength=\"400\" class=\"wpcf7-form-control wpcf7-email wpcf7-validates-as-required wpcf7-text wpcf7-validates-as-email form-control rounded-0\" aria-required=\"true\" aria-invalid=\"false\" placeholder=\"Nom De Famille*\" value=\"\" type=\"email\" name=\"your-email\" \/><\/span>\n\t\t\t<\/p>\n\t\t<\/div>\n\t\t<div class=\"form-group\">\n\t\t\t<p><span class=\"wpcf7-form-control-wrap\" data-name=\"your-email\"><input size=\"40\" maxlength=\"400\" class=\"wpcf7-form-control wpcf7-email wpcf7-validates-as-required wpcf7-text wpcf7-validates-as-email form-control rounded-0\" aria-required=\"true\" aria-invalid=\"false\" placeholder=\"Adresse Email\" value=\"\" type=\"email\" name=\"your-email\" \/><\/span>\n\t\t\t<\/p>\n\t\t<\/div>\n\t<\/div>\n\t<div class=\"col-md-6\">\n\t\t<div class=\"form-group\">\n\t\t\t<p><span class=\"wpcf7-form-control-wrap\" data-name=\"your-message\"><textarea cols=\"100\" rows=\"6\" maxlength=\"2000\" class=\"wpcf7-form-control wpcf7-textarea form-control rounded-0 p-4 faq_text_area\" aria-invalid=\"false\" placeholder=\"Votre Message...\" name=\"your-message\"><\/textarea><\/span>\n\t\t\t<\/p>\n\t\t<\/div>\n\t<\/div>\n\t<div class=\"col-md-12 text-center mt-3\">\n\t\t<p><button class=\"btn btn-primary\">Envoyer Maintenant<\/button>\n\t\t<\/p>\n\t<\/div>\n<\/div><div class=\"wpcf7-response-output\" aria-hidden=\"true\"><\/div>\n<input type=\"hidden\" name=\"trp-form-language\" value=\"fr\"\/><\/form>\n<\/div>\n<\/div><\/div><\/div><\/div><\/div><\/div><\/div><\/div><div class=\"vc_row-full-width vc_clearfix\"><\/div>\n<\/div>","protected":false},"excerpt":{"rendered":"Product Types and Application Scenarios What are the types of iron tower products? There are various types of iron tower products, including communication towers, power towers, observation towers, monitoring towers, lightning protection towers, wind measurement towers, process towers, etc. What are the main applications of communication towers in? Communication towers are mainly used in residential [...]","protected":false},"author":1,"featured_media":0,"parent":0,"menu_order":0,"comment_status":"closed","ping_status":"closed","template":"page-template\/blank-page-sidebar.php","meta":{"footnotes":""},"class_list":["post-447","page","type-page","status-publish","hentry"],"_hostinger_reach_plugin_has_subscription_block":false,"_hostinger_reach_plugin_is_elementor":false,"_links":{"self":[{"href":"https:\/\/irontowerfactory.com\/fr\/wp-json\/wp\/v2\/pages\/447","targetHints":{"allow":["GET"]}}],"collection":[{"href":"https:\/\/irontowerfactory.com\/fr\/wp-json\/wp\/v2\/pages"}],"about":[{"href":"https:\/\/irontowerfactory.com\/fr\/wp-json\/wp\/v2\/types\/page"}],"author":[{"embeddable":true,"href":"https:\/\/irontowerfactory.com\/fr\/wp-json\/wp\/v2\/users\/1"}],"replies":[{"embeddable":true,"href":"https:\/\/irontowerfactory.com\/fr\/wp-json\/wp\/v2\/comments?post=447"}],"version-history":[{"count":8,"href":"https:\/\/irontowerfactory.com\/fr\/wp-json\/wp\/v2\/pages\/447\/revisions"}],"predecessor-version":[{"id":2724,"href":"https:\/\/irontowerfactory.com\/fr\/wp-json\/wp\/v2\/pages\/447\/revisions\/2724"}],"wp:attachment":[{"href":"https:\/\/irontowerfactory.com\/fr\/wp-json\/wp\/v2\/media?parent=447"}],"curies":[{"name":"wp","href":"https:\/\/api.w.org\/{rel}","templated":true}]}}