{"id":2480,"date":"2025-09-15T07:29:30","date_gmt":"2025-09-15T07:29:30","guid":{"rendered":"https:\/\/tieta.ui-project.com\/?post_type=product&#038;p=2480"},"modified":"2025-09-16T08:53:16","modified_gmt":"2025-09-16T08:53:16","slug":"packaging-box-integrated-house-1","status":"publish","type":"product","link":"https:\/\/irontowerfactory.com\/fr\/produit\/packaging-box-integrated-house-1\/","title":{"rendered":"Bo\u00eete d'emballage int\u00e9gr\u00e9e maison"},"content":{"rendered":"","protected":false},"excerpt":{"rendered":"","protected":false},"featured_media":2481,"template":"","meta":[],"product_brand":[],"product_cat":[72],"product_tag":[],"class_list":{"0":"post-2480","1":"product","2":"type-product","3":"status-publish","4":"has-post-thumbnail","6":"product_cat-packaging-box-integrated-house","8":"first","9":"instock","10":"shipping-taxable","11":"product-type-simple"},"_links":{"self":[{"href":"https:\/\/irontowerfactory.com\/fr\/wp-json\/wp\/v2\/product\/2480","targetHints":{"allow":["GET"]}}],"collection":[{"href":"https:\/\/irontowerfactory.com\/fr\/wp-json\/wp\/v2\/product"}],"about":[{"href":"https:\/\/irontowerfactory.com\/fr\/wp-json\/wp\/v2\/types\/product"}],"wp:featuredmedia":[{"embeddable":true,"href":"https:\/\/irontowerfactory.com\/fr\/wp-json\/wp\/v2\/media\/2481"}],"wp:attachment":[{"href":"https:\/\/irontowerfactory.com\/fr\/wp-json\/wp\/v2\/media?parent=2480"}],"wp:term":[{"taxonomy":"product_brand","embeddable":true,"href":"https:\/\/irontowerfactory.com\/fr\/wp-json\/wp\/v2\/product_brand?post=2480"},{"taxonomy":"product_cat","embeddable":true,"href":"https:\/\/irontowerfactory.com\/fr\/wp-json\/wp\/v2\/product_cat?post=2480"},{"taxonomy":"product_tag","embeddable":true,"href":"https:\/\/irontowerfactory.com\/fr\/wp-json\/wp\/v2\/product_tag?post=2480"}],"curies":[{"name":"wp","href":"https:\/\/api.w.org\/{rel}","templated":true}]}}